{"id":261,"date":"2026-04-06T10:42:27","date_gmt":"2026-04-06T08:42:27","guid":{"rendered":"https:\/\/harzvermietung.com\/?page_id=261"},"modified":"2026-04-06T12:42:28","modified_gmt":"2026-04-06T10:42:28","slug":"impressum","status":"publish","type":"page","link":"https:\/\/harzvermietung.com\/?page_id=261&lang=de","title":{"rendered":"Impressum"},"content":{"rendered":"\r\n<h3 class=\"wp-block-heading\"><strong>Angaben gem\u00e4\u00df \u00a7 5 TMG<\/strong><\/h3>\r\n\r\n\r\n\r\n<p><strong>Betreiber der Website und verantwortlich f\u00fcr den Inhalt nach \u00a7 55 Abs. 2 RStV:<\/strong><\/p>\r\n\r\n\r\n\r\n<p>Bert van Dijk<br \/>Margriet van Dijk<\/p>\r\n\r\n\r\n\r\n<p>Adresse:<br \/>Gl\u00fcckauf-weg 25b OG links<br \/>Sankt Andreasberg<br \/>Deutschland<\/p>\r\n\r\n\r\n\r\n<p>Kontakt:<br \/>Telefon: +31 6 1942 9369 oder +31 6 5733 8891<br \/>E-Mail: info@harzvermietung.com<\/p>\r\n\r\n\r\n<hr class=\"wp-block-separator has-alpha-channel-opacity\" \/>\r\n\r\n\r\n<h3 class=\"wp-block-heading\">Harzvermietung.com<\/h3>\r\n\r\n\r\n\r\n<p>Wir haben diese Website eingerichtet, um Ihnen unsere Mietwohnungen im Harz vorzustellen. Unsere Wohnungen stehen zur Langzeitmiete \/ Festvermietung zur Verf\u00fcgung.<\/p>\r\n\r\n\r\n\r\n<p>Auch wenn Sie ein Zweitwohnsitz in der sch\u00f6nen Harzregion suchen, k\u00f6nnen Sie die Wohnungen mieten. In diesem Fall ist die Anmietung auf unbestimmte Zeit m\u00f6glich, jedoch mit einer Mindestmietdauer von einem Jahr.<\/p>\r\n\r\n\r\n\r\n\r\n\r\n<h3 class=\"wp-block-heading\">Haftung f\u00fcr Inhalte<\/h3>\r\n\r\n\r\n\r\n<p>Als Diensteanbieter sind wir gem\u00e4\u00df \u00a7 7 Abs.1 TMG f\u00fcr eigene Inhalte auf diesen Seiten nach den allgemeinen Gesetzen verantwortlich. Nach \u00a7\u00a7 8 bis 10 TMG sind wir als Diensteanbieter jedoch nicht verpflichtet, \u00fcbermittelte oder gespeicherte fremde Informationen zu \u00fcberwachen.<\/p>\r\n\r\n\r\n<hr class=\"wp-block-separator has-alpha-channel-opacity\" \/>\r\n\r\n\r\n<h3 class=\"wp-block-heading\">Haftung f\u00fcr Links<\/h3>\r\n\r\n\r\n\r\n<p>Unsere Website enth\u00e4lt ggf. Links zu externen Websites Dritter. Auf deren Inhalte haben wir keinen Einfluss. Deshalb k\u00f6nnen wir f\u00fcr diese fremden Inhalte auch keine Gew\u00e4hr \u00fcbernehmen.<\/p>\r\n\r\n\r\n<hr class=\"wp-block-separator has-alpha-channel-opacity\" \/>\r\n\r\n\r\n<h3 class=\"wp-block-heading\">Urheberrecht<\/h3>\r\n\r\n\r\n\r\n<p>Die durch die Seitenbetreiber erstellten Inhalte und Werke auf diesen Seiten unterliegen dem deutschen Urheberrecht. Beitr\u00e4ge Dritter sind als solche gekennzeichnet.<\/p>\r\n\r\n\r\n<hr class=\"wp-block-separator has-alpha-channel-opacity\" \/>\r\n\r\n\r\n<h3 class=\"wp-block-heading\">Verbraucherstreitbeilegung<\/h3>\r\n\r\n\r\n\r\n<p>Wir sind nicht verpflichtet an Streitbeilegungsverfahren vor einer Verbraucherschlichtungsstelle teilzunehmen.<\/p>\r\n\r\n\r\n<hr class=\"wp-block-separator has-alpha-channel-opacity\" \/>\r\n\r\n\r\n<p>&nbsp;<\/p>\r\n","protected":false},"excerpt":{"rendered":"<p>Angaben gem\u00e4\u00df \u00a7 5 TMG Betreiber der Website und verantwortlich f\u00fcr den Inhalt nach \u00a7 55 Abs. 2 RStV: Bert van DijkMargriet van Dijk Adresse:Gl\u00fcckauf-weg 25b OG linksSankt AndreasbergDeutschland Kontakt:Telefon: +31 6 1942 9369 oder +31 6 5733 8891E-Mail: info@harzvermietung.com Harzvermietung.com Wir haben diese Website eingerichtet, um Ihnen unsere Mietwohnungen im Harz vorzustellen. Unsere Wohnungen &hellip; <\/p>\n<p class=\"link-more\"><a href=\"https:\/\/harzvermietung.com\/?page_id=261&#038;lang=de\" class=\"more-link\">Lees meer<span class=\"screen-reader-text\"> &#8220;Impressum&#8221;<\/span><\/a><\/p>\n","protected":false},"author":1,"featured_media":0,"parent":0,"menu_order":0,"comment_status":"closed","ping_status":"closed","template":"","meta":{"inspiro_hide_title":false,"footnotes":""},"class_list":["post-261","page","type-page","status-publish","hentry"],"jetpack_sharing_enabled":true,"_links":{"self":[{"href":"https:\/\/harzvermietung.com\/index.php?rest_route=\/wp\/v2\/pages\/261","targetHints":{"allow":["GET"]}}],"collection":[{"href":"https:\/\/harzvermietung.com\/index.php?rest_route=\/wp\/v2\/pages"}],"about":[{"href":"https:\/\/harzvermietung.com\/index.php?rest_route=\/wp\/v2\/types\/page"}],"author":[{"embeddable":true,"href":"https:\/\/harzvermietung.com\/index.php?rest_route=\/wp\/v2\/users\/1"}],"replies":[{"embeddable":true,"href":"https:\/\/harzvermietung.com\/index.php?rest_route=%2Fwp%2Fv2%2Fcomments&post=261"}],"version-history":[{"count":9,"href":"https:\/\/harzvermietung.com\/index.php?rest_route=\/wp\/v2\/pages\/261\/revisions"}],"predecessor-version":[{"id":311,"href":"https:\/\/harzvermietung.com\/index.php?rest_route=\/wp\/v2\/pages\/261\/revisions\/311"}],"wp:attachment":[{"href":"https:\/\/harzvermietung.com\/index.php?rest_route=%2Fwp%2Fv2%2Fmedia&parent=261"}],"curies":[{"name":"wp","href":"https:\/\/api.w.org\/{rel}","templated":true}]}}